{"id":46,"date":"2022-08-18T00:11:38","date_gmt":"2022-08-18T00:11:38","guid":{"rendered":"https:\/\/rockwalkpark.ca\/?page_id=46"},"modified":"2022-10-22T00:18:50","modified_gmt":"2022-10-22T00:18:50","slug":"the-marmoraton-experience","status":"publish","type":"page","link":"https:\/\/rockwalkpark.ca\/fr\/the-tours\/the-marmoraton-experience\/","title":{"rendered":"L'exp\u00e9rience Marmoraton"},"content":{"rendered":"<div data-elementor-type=\"wp-page\" data-elementor-id=\"46\" class=\"elementor elementor-46\">\n\t\t\t\t\t\t<section class=\"elementor-section elementor-top-section elementor-element elementor-element-1260b140 elementor-section-boxed elementor-section-height-default elementor-section-height-default\" data-id=\"1260b140\" data-element_type=\"section\" data-e-type=\"section\">\n\t\t\t\t\t\t<div class=\"elementor-container elementor-column-gap-default\">\n\t\t\t\t\t<div class=\"elementor-column elementor-col-100 elementor-top-column elementor-element elementor-element-7c1dc67a\" data-id=\"7c1dc67a\" data-element_type=\"column\" data-e-type=\"column\">\n\t\t\t<div class=\"elementor-widget-wrap elementor-element-populated\">\n\t\t\t\t\t\t<div class=\"elementor-element elementor-element-82e5a69 elementor-widget elementor-widget-image\" data-id=\"82e5a69\" data-element_type=\"widget\" data-e-type=\"widget\" data-widget_type=\"image.default\">\n\t\t\t\t<div class=\"elementor-widget-container\">\n\t\t\t\t\t\t\t\t\t\t\t\t\t\t\t<img fetchpriority=\"high\" decoding=\"async\" width=\"580\" height=\"873\" src=\"https:\/\/rockwalkpark.ca\/wp-content\/uploads\/2022\/10\/CUL8-1-680x1024.jpg\" class=\"attachment-large size-large wp-image-669\" alt=\"\" srcset=\"https:\/\/rockwalkpark.ca\/wp-content\/uploads\/2022\/10\/CUL8-1-680x1024.jpg 680w, https:\/\/rockwalkpark.ca\/wp-content\/uploads\/2022\/10\/CUL8-1-199x300.jpg 199w, https:\/\/rockwalkpark.ca\/wp-content\/uploads\/2022\/10\/CUL8-1-768x1156.jpg 768w, https:\/\/rockwalkpark.ca\/wp-content\/uploads\/2022\/10\/CUL8-1-1020x1536.jpg 1020w, https:\/\/rockwalkpark.ca\/wp-content\/uploads\/2022\/10\/CUL8-1-1360x2048.jpg 1360w, https:\/\/rockwalkpark.ca\/wp-content\/uploads\/2022\/10\/CUL8-1-8x12.jpg 8w, https:\/\/rockwalkpark.ca\/wp-content\/uploads\/2022\/10\/CUL8-1-scaled.jpg 1700w\" sizes=\"(max-width: 580px) 100vw, 580px\" \/>\t\t\t\t\t\t\t\t\t\t\t\t\t\t\t<\/div>\n\t\t\t\t<\/div>\n\t\t\t\t<div class=\"elementor-element elementor-element-3298e7ba elementor-widget elementor-widget-text-editor\" data-id=\"3298e7ba\" data-element_type=\"widget\" data-e-type=\"widget\" data-widget_type=\"text-editor.default\">\n\t\t\t\t<div class=\"elementor-widget-container\">\n\t\t\t\t\t\t\t\t\t\n\n\n<p>OK ! Vous avez fait le tour du RockWalk Park... sur 2 hectares ! Alors, qu'avez-vous appris ? Voici le test.&nbsp;<\/p>\n\n\n\n<p>Entre la tourn\u00e9e #10 (Fossiles) et la tourn\u00e9e #11, il y a une collection circulaire de roches que nous appelons la suite Marmoraton. Toutes ces pi\u00e8ces proviennent de la mine Marmoraton \u00e0 Marmora, en Ontario. Voici le hic... aucune d'entre elles n'est identifi\u00e9e. C'est votre d\u00e9fi de d\u00e9cider, en tant que g\u00e9ologues en herbe, quelle est l'identit\u00e9 de chaque \u00e9chantillon. C'est un d\u00e9fi qui n'est pas sans rappeler l'opportunit\u00e9 originale pour les g\u00e9ologues lorsque ce gisement a \u00e9t\u00e9 d\u00e9couvert. C'est un peu comme observer les oiseaux dans l'obscurit\u00e9.<\/p>\n\n\n\n<p>C'\u00e9tait en 1948. Fort du succ\u00e8s de la d\u00e9couverte du gisement de cuivre de Temagami (exposition Copperfields MO#4E) gr\u00e2ce \u00e0 l'utilisation d'un \u00e9quipement de d\u00e9tection anti-sous-marin remodel\u00e9 de la Seconde Guerre mondiale, le d\u00e9partement des Mines du gouvernement de l'Ontario a entrepris des lev\u00e9s a\u00e9romagn\u00e9tiques dans toute la province \u00e0 la recherche de gisements min\u00e9raux non expos\u00e9s en surface. C'est ainsi que le gisement de Marmora a \u00e9t\u00e9 d\u00e9couvert. &nbsp;<\/p>\n\n\n\n<p>Fond d'\u00e9cran Internet...chercher : Faits saillants sur la mine Marmoraton - MarmoraHistory.ca&nbsp;<\/p>\n\n\n\n<p>Besoin de quelques indices ?<\/p>\n\n\n\n<p>Allez sur Internet...Cherchez : Marmoraton Mineral Deposit Inventory + MNDM<\/p>\n\t\t\t\t\t\t\t\t<\/div>\n\t\t\t\t<\/div>\n\t\t\t\t\t<\/div>\n\t\t<\/div>\n\t\t\t\t\t<\/div>\n\t\t<\/section>\n\t\t\t\t<\/div>","protected":false},"excerpt":{"rendered":"<p>OK! You have made it around the entire RockWalk Park\u2026all 2 hectares of it! So what have you learned? Here is the test.&nbsp; Between Tour #10 (Fossils) and Tour #11, there is a circular collection of rocks that we call the Marmoraton Suite. All of these exhibits were obtained from the Marmoraton Mine at Marmora, [&hellip;]<\/p>\n","protected":false},"author":1,"featured_media":0,"parent":110,"menu_order":14,"comment_status":"closed","ping_status":"closed","template":"template-parts\/template-full-width.php","meta":{"_coblocks_attr":"","_coblocks_dimensions":"","_coblocks_responsive_height":"","_coblocks_accordion_ie_support":"","footnotes":""},"class_list":["post-46","page","type-page","status-publish","hentry"],"aioseo_notices":[],"_links":{"self":[{"href":"https:\/\/rockwalkpark.ca\/fr\/wp-json\/wp\/v2\/pages\/46","targetHints":{"allow":["GET"]}}],"collection":[{"href":"https:\/\/rockwalkpark.ca\/fr\/wp-json\/wp\/v2\/pages"}],"about":[{"href":"https:\/\/rockwalkpark.ca\/fr\/wp-json\/wp\/v2\/types\/page"}],"author":[{"embeddable":true,"href":"https:\/\/rockwalkpark.ca\/fr\/wp-json\/wp\/v2\/users\/1"}],"replies":[{"embeddable":true,"href":"https:\/\/rockwalkpark.ca\/fr\/wp-json\/wp\/v2\/comments?post=46"}],"version-history":[{"count":12,"href":"https:\/\/rockwalkpark.ca\/fr\/wp-json\/wp\/v2\/pages\/46\/revisions"}],"predecessor-version":[{"id":672,"href":"https:\/\/rockwalkpark.ca\/fr\/wp-json\/wp\/v2\/pages\/46\/revisions\/672"}],"up":[{"embeddable":true,"href":"https:\/\/rockwalkpark.ca\/fr\/wp-json\/wp\/v2\/pages\/110"}],"wp:attachment":[{"href":"https:\/\/rockwalkpark.ca\/fr\/wp-json\/wp\/v2\/media?parent=46"}],"curies":[{"name":"wp","href":"https:\/\/api.w.org\/{rel}","templated":true}]}}